{"id":93,"date":"2013-09-03T09:57:22","date_gmt":"2013-09-03T07:57:22","guid":{"rendered":"http:\/\/mnyc.de\/?page_id=93"},"modified":"2013-09-03T10:05:37","modified_gmt":"2013-09-03T08:05:37","slug":"bridge-tunnel","status":"publish","type":"page","link":"https:\/\/mnyc.de\/?page_id=93","title":{"rendered":"Bridge &#038; Tunnel"},"content":{"rendered":"<p><a href=\"https:\/\/mnyc.de\/wp-content\/uploads\/2013\/09\/New-York-City-Bridge.jpg\"><img loading=\"lazy\" decoding=\"async\" class=\"alignnone  wp-image-94\" alt=\"New York City Bridge\" src=\"https:\/\/mnyc.de\/wp-content\/uploads\/2013\/09\/New-York-City-Bridge.jpg\" width=\"199\" height=\"246\" \/><\/a><\/p>\n<p>In <a title=\"New York City\" href=\"http:\/\/de.wikipedia.org\/wiki\/New_York_City\">New York City<\/a> gibt es 2.027 <a title=\"Br\u00fccke\" href=\"http:\/\/de.wikipedia.org\/wiki\/Br%C3%BCcke\">Br\u00fccken<\/a>. Hier geht es vorrangig um die <b>Br\u00fccken und Tunnel im New Yorker Hafen-Gebiet<\/b> als Querungen der <i>Gew\u00e4sser<\/i> in und um New York. Die l\u00e4ngste Br\u00fccke ist die s\u00fcdlich gelegene <a title=\"Verrazano-Narrows-Br\u00fccke\" href=\"http:\/\/de.wikipedia.org\/wiki\/Verrazano-Narrows-Br%C3%BCcke\">Verrazano-Narrows-Br\u00fccke<\/a> zwischen <a title=\"Staten Island\" href=\"http:\/\/de.wikipedia.org\/wiki\/Staten_Island\">Staten Island<\/a> und <a title=\"Brooklyn\" href=\"http:\/\/de.wikipedia.org\/wiki\/Brooklyn\">Brooklyn<\/a> \u00fcber die Zufahrt zum <a title=\"Atlantik\" href=\"http:\/\/de.wikipedia.org\/wiki\/Atlantik\">Atlantik<\/a> hinweg.<\/p>\n<ul>\n<li>Die Br\u00fccken \u00fcber den <a title=\"East River (New York)\" href=\"http:\/\/de.wikipedia.org\/wiki\/East_River_%28New_York%29\">East River<\/a> nach <a title=\"Manhattan\" href=\"http:\/\/de.wikipedia.org\/wiki\/Manhattan\">Manhattan<\/a> an seinem Nordostufer sind von Nord nach S\u00fcd die: Throgs Neck Bridge, Bronx-Whitestone Bridge, die Eisenbahnbr\u00fccke von der Randalls Wards bzw. Park Ave, Third Ave Bridge, Willis Ave Bridge, <a title=\"Triborough Bridge\" href=\"http:\/\/de.wikipedia.org\/wiki\/Triborough_Bridge\">Triborough Bridge<\/a>, <a title=\"Queensboro Bridge\" href=\"http:\/\/de.wikipedia.org\/wiki\/Queensboro_Bridge\">Queensboro Bridge<\/a>, <a title=\"Williamsburg Bridge\" href=\"http:\/\/de.wikipedia.org\/wiki\/Williamsburg_Bridge\">Williamsburg Bridge<\/a>, <a title=\"Manhattan Bridge\" href=\"http:\/\/de.wikipedia.org\/wiki\/Manhattan_Bridge\">Manhattan Bridge<\/a> und die <a title=\"Brooklyn Bridge\" href=\"http:\/\/de.wikipedia.org\/wiki\/Brooklyn_Bridge\">Brooklyn Bridge<\/a>.<\/li>\n<li>Am Westufer gibt es ganz im Norden die <a title=\"Bear Mountain Bridge\" href=\"http:\/\/de.wikipedia.org\/wiki\/Bear_Mountain_Bridge\">Bear Mountain Bridge<\/a>, es folgen die <a title=\"Tappan Zee Bridge\" href=\"http:\/\/de.wikipedia.org\/wiki\/Tappan_Zee_Bridge\">Governor Malcolm Wilson Tappan Zee Bridge<\/a> (kurz <i>Tappan Zee Bridge<\/i> mit der I-87\/I-287 \u2014 <a title=\"New York State Thruway\" href=\"http:\/\/de.wikipedia.org\/wiki\/New_York_State_Thruway\">New York State Thruway<\/a>, auch Dewey Thruway) und n\u00f6rdlich vom Zentrum die <a title=\"George Washington Bridge\" href=\"http:\/\/de.wikipedia.org\/wiki\/George_Washington_Bridge\">George Washington Bridge<\/a>.<\/li>\n<\/ul>\n<p>Au\u00dfer diesen Hauptbr\u00fccken von\/nach Manhattan gibt es in ganz New York neben vielen normalen auch 25 bewegliche Br\u00fccken: zwei Einziehbr\u00fccken, sieben Schwenkbr\u00fccken, vier Hebebr\u00fccken und zw\u00f6lf Zugbr\u00fccken. Da es bei Br\u00fccken und Tunneln immer um die Verbindung von zwei Gebieten geht, ist es sinnvoll, sich nicht nur auf das New Yorker Stadtgebiet zu beschr\u00e4nken, sondern auch die verschiedenen Partner zu betrachten, die am Bau beteiligt waren.<br \/>\nDer Begriff &#8222;<a title=\"New Yorker Hafen\" href=\"http:\/\/de.wikipedia.org\/wiki\/New_Yorker_Hafen\">New Yorker Hafen<\/a>&#8220; ist dabei vor allem eine grobe geografische Beschreibung des Gebiets an der Grenze der beiden Bundesstaaten <a title=\"New York (Bundesstaat)\" href=\"http:\/\/de.wikipedia.org\/wiki\/New_York_%28Bundesstaat%29\">New York<\/a> und <a title=\"New Jersey\" href=\"http:\/\/de.wikipedia.org\/wiki\/New_Jersey\">New Jersey<\/a>, denn auch die so genannten Anlagen der gemeinsamen Hafenbeh\u00f6rde der beiden US-Nachbarstaaten, der <a title=\"Port Authority of New York and New Jersey\" href=\"http:\/\/de.wikipedia.org\/wiki\/Port_Authority_of_New_York_and_New_Jersey\">Port Authority of New York and New Jersey (PANYNJ)<\/a>, umfassen bei weitem nicht alle den Hafenraum betreffenden Anlagen und zu regelnden Fragen des Stra\u00dfen- und Eisenbahnverkehrs nach und von New York.<\/p>\n<p>(Quelle: <a href=\"http:\/\/de.wikipedia.org\/wiki\/Br%C3%BCcken_und_Tunnel_im_New_Yorker_Hafen\">Wikipedia<\/a> )<\/p>\n<h1 id=\"firstHeading\" lang=\"de\">Brooklyn Bridge<\/h1>\n<p><a href=\"https:\/\/mnyc.de\/wp-content\/uploads\/2013\/09\/New-York-City-Brooklyn-Bridge.jpg\"><img loading=\"lazy\" decoding=\"async\" class=\"alignnone  wp-image-95\" alt=\"New York City Brooklyn Bridge\" src=\"https:\/\/mnyc.de\/wp-content\/uploads\/2013\/09\/New-York-City-Brooklyn-Bridge.jpg\" width=\"907\" height=\"605\" srcset=\"https:\/\/mnyc.de\/wp-content\/uploads\/2013\/09\/New-York-City-Brooklyn-Bridge.jpg 1296w, https:\/\/mnyc.de\/wp-content\/uploads\/2013\/09\/New-York-City-Brooklyn-Bridge-300x200.jpg 300w, https:\/\/mnyc.de\/wp-content\/uploads\/2013\/09\/New-York-City-Brooklyn-Bridge-1024x682.jpg 1024w, https:\/\/mnyc.de\/wp-content\/uploads\/2013\/09\/New-York-City-Brooklyn-Bridge-450x300.jpg 450w\" sizes=\"auto, (max-width: 907px) 100vw, 907px\" \/><\/a><\/p>\n<h1 id=\"firstHeading\" lang=\"de\">Manhattan Bridge<\/h1>\n<p><a href=\"https:\/\/mnyc.de\/wp-content\/uploads\/2013\/09\/New-York-City-Manhattan-Bridge.jpg\"><img loading=\"lazy\" decoding=\"async\" class=\"alignnone  wp-image-96\" alt=\"New York City Manhattan Bridge\" src=\"https:\/\/mnyc.de\/wp-content\/uploads\/2013\/09\/New-York-City-Manhattan-Bridge.jpg\" width=\"1089\" height=\"726\" srcset=\"https:\/\/mnyc.de\/wp-content\/uploads\/2013\/09\/New-York-City-Manhattan-Bridge.jpg 1556w, https:\/\/mnyc.de\/wp-content\/uploads\/2013\/09\/New-York-City-Manhattan-Bridge-300x199.jpg 300w, https:\/\/mnyc.de\/wp-content\/uploads\/2013\/09\/New-York-City-Manhattan-Bridge-1024x682.jpg 1024w, https:\/\/mnyc.de\/wp-content\/uploads\/2013\/09\/New-York-City-Manhattan-Bridge-450x300.jpg 450w\" sizes=\"auto, (max-width: 1089px) 100vw, 1089px\" \/><\/a><\/p>\n<h1 id=\"firstHeading\" lang=\"de\">Queensboro Bridge<\/h1>\n<p><a href=\"https:\/\/mnyc.de\/wp-content\/uploads\/2013\/09\/New-York-City-Queensboro-Bridge.jpg\"><img loading=\"lazy\" decoding=\"async\" class=\"alignnone  wp-image-97\" alt=\"New York City Queensboro Bridge\" src=\"https:\/\/mnyc.de\/wp-content\/uploads\/2013\/09\/New-York-City-Queensboro-Bridge.jpg\" width=\"1089\" height=\"726\" srcset=\"https:\/\/mnyc.de\/wp-content\/uploads\/2013\/09\/New-York-City-Queensboro-Bridge.jpg 1556w, https:\/\/mnyc.de\/wp-content\/uploads\/2013\/09\/New-York-City-Queensboro-Bridge-300x199.jpg 300w, https:\/\/mnyc.de\/wp-content\/uploads\/2013\/09\/New-York-City-Queensboro-Bridge-1024x682.jpg 1024w, https:\/\/mnyc.de\/wp-content\/uploads\/2013\/09\/New-York-City-Queensboro-Bridge-450x300.jpg 450w\" sizes=\"auto, (max-width: 1089px) 100vw, 1089px\" \/><\/a><\/p>\n<p>\u00a9 <a href=\"http:\/\/www.mnyc.de\">mnyc.de<\/a><\/p>\n","protected":false},"excerpt":{"rendered":"<p>In New York City gibt es 2.027 Br\u00fccken. Hier geht es vorrangig um die Br\u00fccken und Tunnel im New Yorker Hafen-Gebiet als Querungen der Gew\u00e4sser in und um New York. Die l\u00e4ngste Br\u00fccke ist die s\u00fcdlich gelegene Verrazano-Narrows-Br\u00fccke zwischen Staten &hellip; <a href=\"https:\/\/mnyc.de\/?page_id=93\">Weiterlesen <span class=\"meta-nav\">&rarr;<\/span><\/a><\/p>\n","protected":false},"author":1,"featured_media":0,"parent":15,"menu_order":0,"comment_status":"closed","ping_status":"closed","template":"","meta":{"footnotes":""},"class_list":["post-93","page","type-page","status-publish","hentry"],"_links":{"self":[{"href":"https:\/\/mnyc.de\/index.php?rest_route=\/wp\/v2\/pages\/93","targetHints":{"allow":["GET"]}}],"collection":[{"href":"https:\/\/mnyc.de\/index.php?rest_route=\/wp\/v2\/pages"}],"about":[{"href":"https:\/\/mnyc.de\/index.php?rest_route=\/wp\/v2\/types\/page"}],"author":[{"embeddable":true,"href":"https:\/\/mnyc.de\/index.php?rest_route=\/wp\/v2\/users\/1"}],"replies":[{"embeddable":true,"href":"https:\/\/mnyc.de\/index.php?rest_route=%2Fwp%2Fv2%2Fcomments&post=93"}],"version-history":[{"count":7,"href":"https:\/\/mnyc.de\/index.php?rest_route=\/wp\/v2\/pages\/93\/revisions"}],"predecessor-version":[{"id":104,"href":"https:\/\/mnyc.de\/index.php?rest_route=\/wp\/v2\/pages\/93\/revisions\/104"}],"up":[{"embeddable":true,"href":"https:\/\/mnyc.de\/index.php?rest_route=\/wp\/v2\/pages\/15"}],"wp:attachment":[{"href":"https:\/\/mnyc.de\/index.php?rest_route=%2Fwp%2Fv2%2Fmedia&parent=93"}],"curies":[{"name":"wp","href":"https:\/\/api.w.org\/{rel}","templated":true}]}}