{"id":326,"date":"2015-12-17T11:08:39","date_gmt":"2015-12-17T09:08:39","guid":{"rendered":"http:\/\/mnyc.de\/?page_id=326"},"modified":"2015-12-17T11:08:39","modified_gmt":"2015-12-17T09:08:39","slug":"hearst-castle","status":"publish","type":"page","link":"https:\/\/mnyc.de\/?page_id=326","title":{"rendered":"Hearst Castle"},"content":{"rendered":"<p style=\"text-align: center;\">Das etwas andere Museum! Einfach wundersch\u00f6n und der beeindruckend. Das h\u00e4tte ich auch f\u00fcr &#8222;Only One Dollar&#8220; vom Staat gekauft. \ud83d\ude09<\/p>\n<p style=\"text-align: center;\">Weitere Informationen: <a href=\"http:\/\/hearstcastle.org\/\" target=\"_blank\">Hearst Castle<\/a><\/p>\n<p style=\"text-align: center;\"><a href=\"https:\/\/mnyc.de\/wp-content\/uploads\/2015\/12\/HearstCastle.jpg\" rel=\"attachment wp-att-327\"><img loading=\"lazy\" decoding=\"async\" class=\"alignnone size-large wp-image-327\" src=\"https:\/\/mnyc.de\/wp-content\/uploads\/2015\/12\/HearstCastle-653x1024.jpg\" alt=\"HearstCastle\" width=\"584\" height=\"916\" srcset=\"https:\/\/mnyc.de\/wp-content\/uploads\/2015\/12\/HearstCastle-653x1024.jpg 653w, https:\/\/mnyc.de\/wp-content\/uploads\/2015\/12\/HearstCastle-191x300.jpg 191w, https:\/\/mnyc.de\/wp-content\/uploads\/2015\/12\/HearstCastle-768x1204.jpg 768w, https:\/\/mnyc.de\/wp-content\/uploads\/2015\/12\/HearstCastle.jpg 1943w\" sizes=\"auto, (max-width: 584px) 100vw, 584px\" \/><\/a> <a href=\"https:\/\/mnyc.de\/wp-content\/uploads\/2015\/12\/HearstCastle-2.jpg\" rel=\"attachment wp-att-328\"><img loading=\"lazy\" decoding=\"async\" class=\"alignnone size-large wp-image-328\" src=\"https:\/\/mnyc.de\/wp-content\/uploads\/2015\/12\/HearstCastle-2-1024x691.jpg\" alt=\"HearstCastle-2\" width=\"584\" height=\"394\" srcset=\"https:\/\/mnyc.de\/wp-content\/uploads\/2015\/12\/HearstCastle-2-1024x691.jpg 1024w, https:\/\/mnyc.de\/wp-content\/uploads\/2015\/12\/HearstCastle-2-300x202.jpg 300w, https:\/\/mnyc.de\/wp-content\/uploads\/2015\/12\/HearstCastle-2-768x518.jpg 768w, https:\/\/mnyc.de\/wp-content\/uploads\/2015\/12\/HearstCastle-2-445x300.jpg 445w\" sizes=\"auto, (max-width: 584px) 100vw, 584px\" \/><\/a> <a href=\"https:\/\/mnyc.de\/wp-content\/uploads\/2015\/12\/HearstCastle-3.jpg\" rel=\"attachment wp-att-329\"><img loading=\"lazy\" decoding=\"async\" class=\"alignnone size-large wp-image-329\" src=\"https:\/\/mnyc.de\/wp-content\/uploads\/2015\/12\/HearstCastle-3-1024x626.jpg\" alt=\"HearstCastle-3\" width=\"584\" height=\"357\" srcset=\"https:\/\/mnyc.de\/wp-content\/uploads\/2015\/12\/HearstCastle-3-1024x626.jpg 1024w, https:\/\/mnyc.de\/wp-content\/uploads\/2015\/12\/HearstCastle-3-300x184.jpg 300w, https:\/\/mnyc.de\/wp-content\/uploads\/2015\/12\/HearstCastle-3-768x470.jpg 768w, https:\/\/mnyc.de\/wp-content\/uploads\/2015\/12\/HearstCastle-3-490x300.jpg 490w\" sizes=\"auto, (max-width: 584px) 100vw, 584px\" \/><\/a> <a href=\"https:\/\/mnyc.de\/wp-content\/uploads\/2015\/12\/HearstCastle-4.jpg\" rel=\"attachment wp-att-330\"><img loading=\"lazy\" decoding=\"async\" class=\"alignnone size-large wp-image-330\" src=\"https:\/\/mnyc.de\/wp-content\/uploads\/2015\/12\/HearstCastle-4-1024x720.jpg\" alt=\"HearstCastle-4\" width=\"584\" height=\"411\" srcset=\"https:\/\/mnyc.de\/wp-content\/uploads\/2015\/12\/HearstCastle-4-1024x720.jpg 1024w, https:\/\/mnyc.de\/wp-content\/uploads\/2015\/12\/HearstCastle-4-300x211.jpg 300w, https:\/\/mnyc.de\/wp-content\/uploads\/2015\/12\/HearstCastle-4-768x540.jpg 768w, https:\/\/mnyc.de\/wp-content\/uploads\/2015\/12\/HearstCastle-4-426x300.jpg 426w\" sizes=\"auto, (max-width: 584px) 100vw, 584px\" \/><\/a> <a href=\"https:\/\/mnyc.de\/wp-content\/uploads\/2015\/12\/HearstCastle-5.jpg\" rel=\"attachment wp-att-331\"><img loading=\"lazy\" decoding=\"async\" class=\"alignnone size-large wp-image-331\" src=\"https:\/\/mnyc.de\/wp-content\/uploads\/2015\/12\/HearstCastle-5-1024x687.jpg\" alt=\"HearstCastle-5\" width=\"584\" height=\"392\" srcset=\"https:\/\/mnyc.de\/wp-content\/uploads\/2015\/12\/HearstCastle-5-1024x687.jpg 1024w, https:\/\/mnyc.de\/wp-content\/uploads\/2015\/12\/HearstCastle-5-300x201.jpg 300w, https:\/\/mnyc.de\/wp-content\/uploads\/2015\/12\/HearstCastle-5-768x515.jpg 768w, https:\/\/mnyc.de\/wp-content\/uploads\/2015\/12\/HearstCastle-5-447x300.jpg 447w\" sizes=\"auto, (max-width: 584px) 100vw, 584px\" \/>a<\/a> <a href=\"https:\/\/mnyc.de\/wp-content\/uploads\/2015\/12\/HearstCastle-6.jpg\" rel=\"attachment wp-att-332\"><img loading=\"lazy\" decoding=\"async\" class=\"alignnone size-large wp-image-332\" src=\"https:\/\/mnyc.de\/wp-content\/uploads\/2015\/12\/HearstCastle-6-1024x691.jpg\" alt=\"HearstCastle-6\" width=\"584\" height=\"394\" srcset=\"https:\/\/mnyc.de\/wp-content\/uploads\/2015\/12\/HearstCastle-6-1024x691.jpg 1024w, https:\/\/mnyc.de\/wp-content\/uploads\/2015\/12\/HearstCastle-6-300x202.jpg 300w, https:\/\/mnyc.de\/wp-content\/uploads\/2015\/12\/HearstCastle-6-768x518.jpg 768w, https:\/\/mnyc.de\/wp-content\/uploads\/2015\/12\/HearstCastle-6-445x300.jpg 445w\" sizes=\"auto, (max-width: 584px) 100vw, 584px\" \/><\/a> <a href=\"https:\/\/mnyc.de\/wp-content\/uploads\/2015\/12\/HearstCastle-7.jpg\" rel=\"attachment wp-att-333\"><img loading=\"lazy\" decoding=\"async\" class=\"alignnone size-large wp-image-333\" src=\"https:\/\/mnyc.de\/wp-content\/uploads\/2015\/12\/HearstCastle-7-1024x720.jpg\" alt=\"HearstCastle-7\" width=\"584\" height=\"411\" srcset=\"https:\/\/mnyc.de\/wp-content\/uploads\/2015\/12\/HearstCastle-7-1024x720.jpg 1024w, https:\/\/mnyc.de\/wp-content\/uploads\/2015\/12\/HearstCastle-7-300x211.jpg 300w, https:\/\/mnyc.de\/wp-content\/uploads\/2015\/12\/HearstCastle-7-768x540.jpg 768w, https:\/\/mnyc.de\/wp-content\/uploads\/2015\/12\/HearstCastle-7-426x300.jpg 426w\" sizes=\"auto, (max-width: 584px) 100vw, 584px\" \/><\/a> <a href=\"https:\/\/mnyc.de\/wp-content\/uploads\/2015\/12\/HearstCastle-8.jpg\" rel=\"attachment wp-att-334\"><img loading=\"lazy\" decoding=\"async\" class=\"alignnone size-large wp-image-334\" src=\"https:\/\/mnyc.de\/wp-content\/uploads\/2015\/12\/HearstCastle-8-1024x699.jpg\" alt=\"HearstCastle-8\" width=\"584\" height=\"399\" srcset=\"https:\/\/mnyc.de\/wp-content\/uploads\/2015\/12\/HearstCastle-8-1024x699.jpg 1024w, https:\/\/mnyc.de\/wp-content\/uploads\/2015\/12\/HearstCastle-8-300x205.jpg 300w, https:\/\/mnyc.de\/wp-content\/uploads\/2015\/12\/HearstCastle-8-768x524.jpg 768w, https:\/\/mnyc.de\/wp-content\/uploads\/2015\/12\/HearstCastle-8-440x300.jpg 440w\" sizes=\"auto, (max-width: 584px) 100vw, 584px\" \/><\/a> <a href=\"https:\/\/mnyc.de\/wp-content\/uploads\/2015\/12\/HearstCastle-9.jpg\" rel=\"attachment wp-att-335\"><img loading=\"lazy\" decoding=\"async\" class=\"alignnone size-large wp-image-335\" src=\"https:\/\/mnyc.de\/wp-content\/uploads\/2015\/12\/HearstCastle-9-1024x653.jpg\" alt=\"HearstCastle-9\" width=\"584\" height=\"372\" srcset=\"https:\/\/mnyc.de\/wp-content\/uploads\/2015\/12\/HearstCastle-9-1024x653.jpg 1024w, https:\/\/mnyc.de\/wp-content\/uploads\/2015\/12\/HearstCastle-9-300x191.jpg 300w, https:\/\/mnyc.de\/wp-content\/uploads\/2015\/12\/HearstCastle-9-768x490.jpg 768w, https:\/\/mnyc.de\/wp-content\/uploads\/2015\/12\/HearstCastle-9-471x300.jpg 471w\" sizes=\"auto, (max-width: 584px) 100vw, 584px\" \/><\/a><\/p>\n","protected":false},"excerpt":{"rendered":"<p>Das etwas andere Museum! Einfach wundersch\u00f6n und der beeindruckend. Das h\u00e4tte ich auch f\u00fcr &#8222;Only One Dollar&#8220; vom Staat gekauft. \ud83d\ude09 Weitere Informationen: Hearst Castle a<\/p>\n","protected":false},"author":1,"featured_media":0,"parent":270,"menu_order":0,"comment_status":"closed","ping_status":"closed","template":"","meta":{"footnotes":""},"class_list":["post-326","page","type-page","status-publish","hentry"],"_links":{"self":[{"href":"https:\/\/mnyc.de\/index.php?rest_route=\/wp\/v2\/pages\/326","targetHints":{"allow":["GET"]}}],"collection":[{"href":"https:\/\/mnyc.de\/index.php?rest_route=\/wp\/v2\/pages"}],"about":[{"href":"https:\/\/mnyc.de\/index.php?rest_route=\/wp\/v2\/types\/page"}],"author":[{"embeddable":true,"href":"https:\/\/mnyc.de\/index.php?rest_route=\/wp\/v2\/users\/1"}],"replies":[{"embeddable":true,"href":"https:\/\/mnyc.de\/index.php?rest_route=%2Fwp%2Fv2%2Fcomments&post=326"}],"version-history":[{"count":1,"href":"https:\/\/mnyc.de\/index.php?rest_route=\/wp\/v2\/pages\/326\/revisions"}],"predecessor-version":[{"id":336,"href":"https:\/\/mnyc.de\/index.php?rest_route=\/wp\/v2\/pages\/326\/revisions\/336"}],"up":[{"embeddable":true,"href":"https:\/\/mnyc.de\/index.php?rest_route=\/wp\/v2\/pages\/270"}],"wp:attachment":[{"href":"https:\/\/mnyc.de\/index.php?rest_route=%2Fwp%2Fv2%2Fmedia&parent=326"}],"curies":[{"name":"wp","href":"https:\/\/api.w.org\/{rel}","templated":true}]}}