{"id":13,"date":"2013-08-27T12:14:41","date_gmt":"2013-08-27T10:14:41","guid":{"rendered":"http:\/\/mnyc.de\/?page_id=13"},"modified":"2014-02-25T10:34:19","modified_gmt":"2014-02-25T08:34:19","slug":"p13","status":"publish","type":"page","link":"https:\/\/mnyc.de\/?page_id=13","title":{"rendered":"Brooklyn"},"content":{"rendered":"<p><b>Brooklyn<\/b> ist einer der <a title=\"Verwaltungsgliederung von New York City\" href=\"http:\/\/de.wikipedia.org\/wiki\/Verwaltungsgliederung_von_New_York_City\">f\u00fcnf Stadtbezirke<\/a> (<a title=\"Borough\" href=\"http:\/\/de.wikipedia.org\/wiki\/Borough\">Boroughs<\/a>) von <a title=\"New York City\" href=\"http:\/\/de.wikipedia.org\/wiki\/New_York_City\">New York City<\/a>. Er liegt im S\u00fcdosten der Stadt am westlichen Ende von <a title=\"Long Island\" href=\"http:\/\/de.wikipedia.org\/wiki\/Long_Island\">Long Island<\/a> und ist deckungsgleich mit dem <b>Kings County<\/b>. Brooklyn ist nach <a title=\"Manhattan\" href=\"http:\/\/de.wikipedia.org\/wiki\/Manhattan\">Manhattan<\/a> bzw. dem New York County der am dichtesten besiedelte <a title=\"County (Vereinigte Staaten)\" href=\"http:\/\/de.wikipedia.org\/wiki\/County_%28Vereinigte_Staaten%29\">Verwaltungsbezirk<\/a> der <a title=\"Vereinigte Staaten\" href=\"http:\/\/de.wikipedia.org\/wiki\/Vereinigte_Staaten\">Vereinigten Staaten<\/a>.<\/p>\n<p>Brooklyn wurde 1634 von den <a title=\"Niederlande\" href=\"http:\/\/de.wikipedia.org\/wiki\/Niederlande\">Niederl\u00e4ndern<\/a> als <i>Breuckelen<\/i> gegr\u00fcndet (nach der Stadt <a title=\"Breukelen\" href=\"http:\/\/de.wikipedia.org\/wiki\/Breukelen\">Breukelen<\/a> bei <a title=\"Utrecht\" href=\"http:\/\/de.wikipedia.org\/wiki\/Utrecht\">Utrecht<\/a>) und war bis 1898 eine eigenst\u00e4ndige Stadt, bis es nach New York eingemeindet wurde. Der Bezirk hat sich aber bis heute eine stark ausgepr\u00e4gte Eigenst\u00e4ndigkeit bewahrt.<\/p>\n<p>(Quelle: <a href=\"http:\/\/de.wikipedia.org\/wiki\/Brooklyn\">Wikipedia <\/a>)<\/p>\n<p><a href=\"https:\/\/mnyc.de\/wp-content\/uploads\/2013\/08\/IMG_0194.jpg\"><img loading=\"lazy\" decoding=\"async\" class=\"alignnone size-medium wp-image-125\" alt=\"IMG_0194\" src=\"https:\/\/mnyc.de\/wp-content\/uploads\/2013\/08\/IMG_0194-300x200.jpg\" width=\"300\" height=\"200\" srcset=\"https:\/\/mnyc.de\/wp-content\/uploads\/2013\/08\/IMG_0194-300x200.jpg 300w, https:\/\/mnyc.de\/wp-content\/uploads\/2013\/08\/IMG_0194-1024x682.jpg 1024w, https:\/\/mnyc.de\/wp-content\/uploads\/2013\/08\/IMG_0194-450x300.jpg 450w, https:\/\/mnyc.de\/wp-content\/uploads\/2013\/08\/IMG_0194.jpg 1296w\" sizes=\"auto, (max-width: 300px) 100vw, 300px\" \/><\/a><\/p>\n<p><a href=\"https:\/\/mnyc.de\/wp-content\/uploads\/2013\/08\/IMG_6378.jpg\"><img loading=\"lazy\" decoding=\"async\" class=\"alignnone size-medium wp-image-126\" alt=\"IMG_6378\" src=\"https:\/\/mnyc.de\/wp-content\/uploads\/2013\/08\/IMG_6378-200x300.jpg\" width=\"200\" height=\"300\" srcset=\"https:\/\/mnyc.de\/wp-content\/uploads\/2013\/08\/IMG_6378-200x300.jpg 200w, https:\/\/mnyc.de\/wp-content\/uploads\/2013\/08\/IMG_6378-682x1024.jpg 682w, https:\/\/mnyc.de\/wp-content\/uploads\/2013\/08\/IMG_6378.jpg 864w\" sizes=\"auto, (max-width: 200px) 100vw, 200px\" \/><\/a><\/p>\n<p><a href=\"https:\/\/mnyc.de\/wp-content\/uploads\/2013\/08\/IMG_6380.jpg\"><img loading=\"lazy\" decoding=\"async\" class=\"alignnone size-medium wp-image-127\" alt=\"IMG_6380\" src=\"https:\/\/mnyc.de\/wp-content\/uploads\/2013\/08\/IMG_6380-300x200.jpg\" width=\"300\" height=\"200\" srcset=\"https:\/\/mnyc.de\/wp-content\/uploads\/2013\/08\/IMG_6380-300x200.jpg 300w, https:\/\/mnyc.de\/wp-content\/uploads\/2013\/08\/IMG_6380-1024x682.jpg 1024w, https:\/\/mnyc.de\/wp-content\/uploads\/2013\/08\/IMG_6380-450x300.jpg 450w, https:\/\/mnyc.de\/wp-content\/uploads\/2013\/08\/IMG_6380.jpg 1296w\" sizes=\"auto, (max-width: 300px) 100vw, 300px\" \/><\/a><\/p>\n<p><a href=\"http:\/\/5ptz.com\/\">5Pointz <\/a><\/p>\n<p><a href=\"https:\/\/mnyc.de\/wp-content\/uploads\/2013\/08\/IMG_6396.jpg\"><img loading=\"lazy\" decoding=\"async\" class=\"alignnone size-medium wp-image-128\" alt=\"IMG_6396\" src=\"https:\/\/mnyc.de\/wp-content\/uploads\/2013\/08\/IMG_6396-200x300.jpg\" width=\"200\" height=\"300\" srcset=\"https:\/\/mnyc.de\/wp-content\/uploads\/2013\/08\/IMG_6396-200x300.jpg 200w, https:\/\/mnyc.de\/wp-content\/uploads\/2013\/08\/IMG_6396-682x1024.jpg 682w, https:\/\/mnyc.de\/wp-content\/uploads\/2013\/08\/IMG_6396.jpg 864w\" sizes=\"auto, (max-width: 200px) 100vw, 200px\" \/><\/a><\/p>\n","protected":false},"excerpt":{"rendered":"<p>Brooklyn ist einer der f\u00fcnf Stadtbezirke (Boroughs) von New York City. Er liegt im S\u00fcdosten der Stadt am westlichen Ende von Long Island und ist deckungsgleich mit dem Kings County. Brooklyn ist nach Manhattan bzw. dem New York County der &hellip; <a href=\"https:\/\/mnyc.de\/?page_id=13\">Weiterlesen <span class=\"meta-nav\">&rarr;<\/span><\/a><\/p>\n","protected":false},"author":1,"featured_media":0,"parent":0,"menu_order":5,"comment_status":"closed","ping_status":"closed","template":"","meta":{"footnotes":""},"class_list":["post-13","page","type-page","status-publish","hentry"],"_links":{"self":[{"href":"https:\/\/mnyc.de\/index.php?rest_route=\/wp\/v2\/pages\/13","targetHints":{"allow":["GET"]}}],"collection":[{"href":"https:\/\/mnyc.de\/index.php?rest_route=\/wp\/v2\/pages"}],"about":[{"href":"https:\/\/mnyc.de\/index.php?rest_route=\/wp\/v2\/types\/page"}],"author":[{"embeddable":true,"href":"https:\/\/mnyc.de\/index.php?rest_route=\/wp\/v2\/users\/1"}],"replies":[{"embeddable":true,"href":"https:\/\/mnyc.de\/index.php?rest_route=%2Fwp%2Fv2%2Fcomments&post=13"}],"version-history":[{"count":3,"href":"https:\/\/mnyc.de\/index.php?rest_route=\/wp\/v2\/pages\/13\/revisions"}],"predecessor-version":[{"id":188,"href":"https:\/\/mnyc.de\/index.php?rest_route=\/wp\/v2\/pages\/13\/revisions\/188"}],"wp:attachment":[{"href":"https:\/\/mnyc.de\/index.php?rest_route=%2Fwp%2Fv2%2Fmedia&parent=13"}],"curies":[{"name":"wp","href":"https:\/\/api.w.org\/{rel}","templated":true}]}}